{"id":20,"date":"2022-02-19T15:47:04","date_gmt":"2022-02-19T15:47:04","guid":{"rendered":"http:\/\/huertocircuitos.fundacionbiosferas.org\/?page_id=20"},"modified":"2022-02-20T16:01:05","modified_gmt":"2022-02-20T16:01:05","slug":"red-huertas","status":"publish","type":"page","link":"http:\/\/huertocircuitos.fundacionbiosferas.org\/index.php\/red-huertas\/","title":{"rendered":"RED Huertas"},"content":{"rendered":"\t\t<div data-elementor-type=\"wp-page\" data-elementor-id=\"20\" class=\"elementor elementor-20\" data-elementor-settings=\"[]\">\n\t\t\t\t\t\t\t<div class=\"elementor-section-wrap\">\n\t\t\t\t\t\t\t<section class=\"elementor-section elementor-top-section elementor-element elementor-element-54e636c elementor-section-boxed elementor-section-height-default elementor-section-height-default\" data-id=\"54e636c\" data-element_type=\"section\">\n\t\t\t\t\t\t<div class=\"elementor-container elementor-column-gap-default\">\n\t\t\t\t\t<div class=\"elementor-column elementor-col-100 elementor-top-column elementor-element elementor-element-e9c346f\" data-id=\"e9c346f\" data-element_type=\"column\">\n\t\t\t<div class=\"elementor-widget-wrap elementor-element-populated\">\n\t\t\t\t\t\t\t\t<div class=\"elementor-element elementor-element-b4623f4 elementor-widget elementor-widget-text-editor\" data-id=\"b4623f4\" data-element_type=\"widget\" data-widget_type=\"text-editor.default\">\n\t\t\t\t<div class=\"elementor-widget-container\">\n\t\t\t<style>\/*! elementor - v3.5.5 - 03-02-2022 *\/\n.elementor-widget-text-editor.elementor-drop-cap-view-stacked .elementor-drop-cap{background-color:#818a91;color:#fff}.elementor-widget-text-editor.elementor-drop-cap-view-framed .elementor-drop-cap{color:#818a91;border:3px solid;background-color:transparent}.elementor-widget-text-editor:not(.elementor-drop-cap-view-default) .elementor-drop-cap{margin-top:8px}.elementor-widget-text-editor:not(.elementor-drop-cap-view-default) .elementor-drop-cap-letter{width:1em;height:1em}.elementor-widget-text-editor .elementor-drop-cap{float:left;text-align:center;line-height:1;font-size:50px}.elementor-widget-text-editor .elementor-drop-cap-letter{display:inline-block}<\/style>\t\t\t\t<div data-blockid=\"n-pK6P2q\" id=\"n-pK6P2q\" class=\"jsx-431477784 layout-wrapper\" style=\"\"><div class=\"jsx-4031087939 grid-item-lite full-width\"><div data-blockid=\"n-pK6P2q\" class=\"jsx-2557286190 \"><figure class=\"jsx-635748433 jsx-287741001 media-wrapper\"><div class=\"jsx-635748433 jsx-287741001 media-wrapper-children\"><div class=\"jsx-832075124 inline-embed\"><div class=\"jsx-832075124 iframe-wrapper\"><iframe role=\"application\" width=\"1200\" height=\"600\" src=\"https:\/\/jbb.maps.arcgis.com\/apps\/dashboards\/5f57bc2b5116477bb624ff9e373ff24b\" sandbox=\"allow-scripts allow-same-origin allow-forms allow-popups allow-popups-to-escape-sandbox\" allow=\"autoplay; geolocation;\" allowfullscreen=\"\" title=\"\" tabindex=\"0\" loading=\"lazy\" class=\"jsx-832075124\"><\/iframe><\/div><\/div><\/div><figcaption class=\"jsx-1094447060 \"><p data-testid=\"TextInput\" class=\"text-input\">Pantalla de control de huertas de agricultura urbana | Jard\u00edn Bot\u00e1nico de Bogot\u00e1<\/p> <p data-testid=\"TextInput\" class=\"text-input\">Se puede consultar en tiempo real los indicadores m\u00e1s importantes. A medida que se selecciona una localidad sobre (Indicadores por localidad), se actualizan autom\u00e1ticamente los indicadores en el Total de Huertas Urbanas, Huertas Urbanas por localidad, Top 20 Huertas Urbanas por UPZ (Unidad de Planeamiento Zonal), Tipo de Huertas Urbanas y sobre la vista del mapa. Sobre pesta\u00f1a de Detalle Huertas Urbanas muestra las primeras 20 Huertas Urbanas en detalle, al seleccionar una localidad o UPZ se actualiza autom\u00e1ticamente al realizar una selecci\u00f3n espec\u00edfica sobre el mapa.<\/p><\/figcaption><\/figure><\/div><\/div><\/div>\t\t\t\t\t\t<\/div>\n\t\t\t\t<\/div>\n\t\t\t\t\t<\/div>\n\t\t<\/div>\n\t\t\t\t\t\t\t<\/div>\n\t\t<\/section>\n\t\t\t\t\t\t<\/div>\n\t\t\t\t\t<\/div>\n\t\t","protected":false},"excerpt":{"rendered":"<p>Pantalla de control de huertas de agricultura urbana | Jard\u00edn Bot\u00e1nico de Bogot\u00e1 Se puede consultar en tiempo real los indicadores m\u00e1s importantes. A medida que se selecciona una localidad sobre (Indicadores por localidad), se actualizan autom\u00e1ticamente los indicadores en el Total de Huertas Urbanas, Huertas Urbanas por localidad, Top 20 Huertas Urbanas por UPZ [&hellip;]<\/p>\n","protected":false},"author":1,"featured_media":0,"parent":0,"menu_order":0,"comment_status":"closed","ping_status":"closed","template":"","meta":{"footnotes":""},"class_list":["post-20","page","type-page","status-publish","hentry","entry"],"_links":{"self":[{"href":"http:\/\/huertocircuitos.fundacionbiosferas.org\/index.php\/wp-json\/wp\/v2\/pages\/20","targetHints":{"allow":["GET"]}}],"collection":[{"href":"http:\/\/huertocircuitos.fundacionbiosferas.org\/index.php\/wp-json\/wp\/v2\/pages"}],"about":[{"href":"http:\/\/huertocircuitos.fundacionbiosferas.org\/index.php\/wp-json\/wp\/v2\/types\/page"}],"author":[{"embeddable":true,"href":"http:\/\/huertocircuitos.fundacionbiosferas.org\/index.php\/wp-json\/wp\/v2\/users\/1"}],"replies":[{"embeddable":true,"href":"http:\/\/huertocircuitos.fundacionbiosferas.org\/index.php\/wp-json\/wp\/v2\/comments?post=20"}],"version-history":[{"count":8,"href":"http:\/\/huertocircuitos.fundacionbiosferas.org\/index.php\/wp-json\/wp\/v2\/pages\/20\/revisions"}],"predecessor-version":[{"id":379,"href":"http:\/\/huertocircuitos.fundacionbiosferas.org\/index.php\/wp-json\/wp\/v2\/pages\/20\/revisions\/379"}],"wp:attachment":[{"href":"http:\/\/huertocircuitos.fundacionbiosferas.org\/index.php\/wp-json\/wp\/v2\/media?parent=20"}],"curies":[{"name":"wp","href":"https:\/\/api.w.org\/{rel}","templated":true}]}}